{"id":1664,"date":"2024-01-07T13:51:47","date_gmt":"2024-01-07T19:51:47","guid":{"rendered":"https:\/\/lifeissweetcr.com\/politica-de-privacidad\/"},"modified":"2024-01-07T14:08:51","modified_gmt":"2024-01-07T20:08:51","slug":"politica-de-privacidad","status":"publish","type":"page","link":"https:\/\/lifeissweetcr.com\/es\/politica-de-privacidad\/","title":{"rendered":"Politica de Privacidad"},"content":{"rendered":"\n<p>Fecha Efectiva: 01\/07\/2024<\/p>\n\n<p><strong>1. Introducci\u00f3n<\/strong><\/p>\n\n<p>Bienvenido a Life Is Sweet. Entendemos que la privacidad en l\u00ednea es importante para los usuarios de nuestro Sitio, especialmente al hacer negocios. Esta declaraci\u00f3n rige nuestras pol\u00edticas de privacidad con respecto a aquellos usuarios del Sitio (\u00abVisitantes\u00bb) que visitan sin realizar transacciones comerciales y Visitantes que se registran para realizar transacciones comerciales en el Sitio y hacen uso de los diversos servicios ofrecidos por Life Is Sweet (\u00abServicios\u00bb).<\/p>\n\n<p><strong>2. Informaci\u00f3n que Recopilamos y C\u00f3mo la Usamos<\/strong><\/p>\n\n<p>a. <strong>Informaci\u00f3n Personal:<\/strong> Esto se refiere a la informaci\u00f3n que nos permite saber espec\u00edficamente qui\u00e9n es usted. Cuando participa en ciertas actividades en nuestro Sitio, como enviar una rese\u00f1a, podemos pedirle que proporcione cierta informaci\u00f3n sobre usted al completar y enviar un formulario en l\u00ednea. Es completamente opcional para usted participar en estas actividades. Sin embargo, si elige participar en estas actividades, podemos pedirle que nos proporcione informaci\u00f3n personal, como su nombre, direcci\u00f3n postal, direcci\u00f3n de correo electr\u00f3nico y otra informaci\u00f3n de identificaci\u00f3n personal. Al enviar una rese\u00f1a, se le pedir\u00e1 un Nombre P\u00fablico que se mostrar\u00e1 junto a su rese\u00f1a.<\/p>\n\n<p>b. <strong>Informaci\u00f3n Recopilada Autom\u00e1ticamente: <\/strong> Cuando visita nuestro sitio web, recopilamos autom\u00e1ticamente cierta informaci\u00f3n de la computadora por la interacci\u00f3n de su tel\u00e9fono m\u00f3vil o navegador web con nuestro sitio web. Dicha informaci\u00f3n generalmente se considera informaci\u00f3n no personal.<\/p>\n\n<p>c. <strong>Cookies:<\/strong> Nuestro sitio web utiliza \u00abCookies\u00bb para identificar las \u00e1reas de nuestro sitio web que usted ha visitado. Una Cookie es un peque\u00f1o pedazo de datos almacenado en su computadora o dispositivo m\u00f3vil por su navegador web.<\/p>\n\n<p><strong>3. C\u00f3mo se Utiliza su Informaci\u00f3n<\/strong><\/p>\n\n<p>Utilizamos la informaci\u00f3n que recopilamos para operar y mantener nuestro Sitio, enviarle comunicaciones de marketing, responder a sus preguntas e inquietudes y ayudar a nuestro equipo a mejorar nuestros servicios. El Nombre P\u00fablico que proporcione para las rese\u00f1as se publicar\u00e1 junto con cualquier rese\u00f1a que env\u00ede.<\/p>\n\n<p><strong>4. Compartir Informaci\u00f3n con Terceros<\/strong><\/p>\n\n<p>Life Is Sweet no vende, alquila ni arrienda su informaci\u00f3n personal a terceros. Sin embargo, podemos divulgar su informaci\u00f3n personal si se requiere hacerlo por ley o en la creencia de que tal acci\u00f3n es necesaria para: (a) cumplir con los edictos de la ley o cumplir con el proceso legal servido en Life Is Sweet o el sitio; proteger y defender los derechos o propiedad de Life Is Sweet; y, (c) actuar en circunstancias exigentes para proteger la seguridad personal de los usuarios de Life Is Sweet o el p\u00fablico.<\/p>\n\n<p><strong>5. Seguridad de la Informaci\u00f3n Personal<\/strong><\/p>\n\n<p>Aseguramos su informaci\u00f3n personal de acceso, uso o divulgaci\u00f3n no autorizados. Usamos los siguientes m\u00e9todos para este prop\u00f3sito:<\/p>\n\n<ul class=\"wp-block-list\">\n<li>Protocolo SSL<\/li>\n\n\n\n<li>Almacenamiento Seguro<\/li>\n<\/ul>\n\n<p><strong>6. Ni\u00f1os Menores de Trece<\/strong><\/p>\n\n<p>Life Is Sweet no recopila intencionalmente informaci\u00f3n personal identificable de ni\u00f1os menores de trece a\u00f1os. Si usted es menor de trece a\u00f1os, debe pedir permiso a su padre o tutor para usar este sitio web.<\/p>\n\n<p><strong>7. Comunicaciones por Correo Electr\u00f3nico<\/strong><\/p>\n\n<p>De vez en cuando, Life Is Sweet puede contactarlo por correo electr\u00f3nico para proporcionarle anuncios, ofertas promocionales, alertas, confirmaciones, encuestas y\/o otra comunicaci\u00f3n general.<\/p>\n\n<p><strong>8. Sitios de Almacenamiento de Datos Externos<\/strong><\/p>\n\n<p>Podemos almacenar sus datos en servidores proporcionados por proveedores de alojamiento de terceros con los que hemos contratado.<\/p>\n\n<p><strong>9. Cambios en esta Declaraci\u00f3n<\/strong><\/p>\n\n<p>Life Is Sweet se reserva el derecho de cambiar esta Pol\u00edtica de Privacidad de vez en cuando. Le notificaremos sobre cambios significativos en la forma en que tratamos la informaci\u00f3n personal enviando un aviso a la direcci\u00f3n de correo electr\u00f3nico principal especificada en su cuenta, colocando un aviso prominente en nuestro sitio y\/o actualizando cualquier informaci\u00f3n de privacidad en esta p\u00e1gina.<\/p>\n\n<p><strong>10. Informaci\u00f3n de Contacto<\/strong><\/p>\n\n<p>Life Is Sweet agradece sus preguntas o comentarios sobre esta Pol\u00edtica de Privacidad. Si cree que Life Is Sweet no ha cumplido con esta Declaraci\u00f3n, cont\u00e1ctenos a trav\u00e9s de nuestros perfiles sociales y enlaces p\u00fablicos.<\/p>\n","protected":false},"excerpt":{"rendered":"<p>Fecha Efectiva: 01\/07\/2024 1. Introducci\u00f3n Bienvenido a Life Is Sweet. Entendemos que la privacidad en l\u00ednea es importante para los usuarios de nuestro Sitio, especialmente al hacer negocios. Esta declaraci\u00f3n rige nuestras pol\u00edticas de privacidad con respecto a aquellos usuarios del Sitio (\u00abVisitantes\u00bb) que visitan sin realizar transacciones comerciales y Visitantes que se registran para [&hellip;]<\/p>\n","protected":false},"author":1,"featured_media":0,"parent":0,"menu_order":0,"comment_status":"closed","ping_status":"closed","template":"","meta":{"_jf_save_progress":"","_jf_schedule_form":"","_jf_limit_responses":"","footnotes":""},"class_list":["post-1664","page","type-page","status-publish","hentry"],"_links":{"self":[{"href":"https:\/\/lifeissweetcr.com\/es\/wp-json\/wp\/v2\/pages\/1664","targetHints":{"allow":["GET"]}}],"collection":[{"href":"https:\/\/lifeissweetcr.com\/es\/wp-json\/wp\/v2\/pages"}],"about":[{"href":"https:\/\/lifeissweetcr.com\/es\/wp-json\/wp\/v2\/types\/page"}],"author":[{"embeddable":true,"href":"https:\/\/lifeissweetcr.com\/es\/wp-json\/wp\/v2\/users\/1"}],"replies":[{"embeddable":true,"href":"https:\/\/lifeissweetcr.com\/es\/wp-json\/wp\/v2\/comments?post=1664"}],"version-history":[{"count":0,"href":"https:\/\/lifeissweetcr.com\/es\/wp-json\/wp\/v2\/pages\/1664\/revisions"}],"wp:attachment":[{"href":"https:\/\/lifeissweetcr.com\/es\/wp-json\/wp\/v2\/media?parent=1664"}],"curies":[{"name":"wp","href":"https:\/\/api.w.org\/{rel}","templated":true}]}}